{"id":205,"date":"2023-12-06T03:30:19","date_gmt":"2023-12-06T02:30:19","guid":{"rendered":"https:\/\/mohamed.legtux.org\/mp\/?page_id=205"},"modified":"2025-04-12T02:31:31","modified_gmt":"2025-04-12T00:31:31","slug":"documents-pour-mp","status":"publish","type":"page","link":"https:\/\/mohamed.legtux.org\/mp\/documents-pour-mp\/","title":{"rendered":"Documents pour MP"},"content":{"rendered":"\n<p>Voici une liste de probl\u00e8mes de concours que je sugg\u00e8re aux \u00e9l\u00e8ves pour pr\u00e9parer le concours:<\/p>\n\n\n\n<h2 class=\"wp-block-heading\">Epreuve de Maths 1<\/h2>\n\n\n\n<ul class=\"wp-block-list\">\n<li>Premier probl\u00e8me: <a href=\"https:\/\/www.marocprepa.com\/2025\/khawarizmi\/2025-kh-devoir-surveille-04-enon.pdf\"> Cliquez ici <\/a> pour voir le probl\u00e8me qui comporte deux exercices et deux probl\u00e8mes, un premier probl\u00e8me sur l&rsquo;application du lemme de Riemann-Lebesgue pour calculer l&rsquo;int\u00e9grale de Dirichlet <img loading=\"lazy\" decoding=\"async\" src=\"https:\/\/mohamed.legtux.org\/mp\/wp-content\/ql-cache\/quicklatex.com-e3de6b6d1d262583cb83782ce66a3035_l3.png\" class=\"ql-img-inline-formula quicklatex-auto-format\" alt=\"&#73;&#61;&#92;&#105;&#110;&#116;&#95;&#48;&#94;&#92;&#105;&#32;&#92;&#102;&#114;&#97;&#99;&#123;&#92;&#115;&#105;&#110;&#40;&#120;&#41;&#125;&#123;&#120;&#125;&#32;&#100;&#120;\" title=\"Rendered by QuickLaTeX.com\" height=\"25\" width=\"131\" style=\"vertical-align: -6px;\"\/> et le nombre <img loading=\"lazy\" decoding=\"async\" src=\"https:\/\/mohamed.legtux.org\/mp\/wp-content\/ql-cache\/quicklatex.com-93cf262e0488301dc6a932c443a5081e_l3.png\" class=\"ql-img-inline-formula quicklatex-auto-format\" alt=\"&#92;&#122;&#101;&#116;&#97;&#40;&#50;&#41;&#61;&#92;&#115;&#117;&#109;&#92;&#108;&#105;&#109;&#105;&#116;&#115;&#95;&#123;&#110;&#61;&#49;&#125;&#94;&#123;&#92;&#105;&#125;&#32;&#92;&#102;&#114;&#97;&#99;&#123;&#49;&#125;&#123;&#110;&#94;&#50;&#125;&#61;&#92;&#102;&#114;&#97;&#99;&#123;&#92;&#112;&#105;&#94;&#50;&#125;&#123;&#54;&#125;\" title=\"Rendered by QuickLaTeX.com\" height=\"41\" width=\"145\" style=\"vertical-align: -16px;\"\/>. Un deuxi\u00e8me qui traite la transformation d&rsquo;Abel et des applications. <a href=\"https:\/\/www.marocprepa.com\/2025\/khawarizmi\/2025-kh-devoir-surveille-04-solu.pdf\">Cliquez ici <\/a> pour une proposition de corrig\u00e9.<\/li>\n\n\n\n<li>Deuxi\u00e8me Probl\u00e8me <a href=\"https:\/\/www.marocprepa.com\/2025\/khawarizmi\/concours-blanc-avril-2025-enon.pdf\" data-type=\"link\" data-id=\"https:\/\/www.marocprepa.com\/2025\/khawarizmi\/concours-blanc-avril-2025-enon.pdf\"> Enonc\u00e9 <\/a> et <a href=\"https:\/\/www.marocprepa.com\/2025\/khawarizmi\/concours-blanc-avril-2025-solu.pdf\"> Corrig\u00e9<\/a> est l&rsquo;\u00e9preuve sp\u00e9cifique de math\u00e9matiques pour E3A, 2021, qui a l&rsquo;avantage de couvrir beaucoup de sujets du programmes, ce qui permet une bonne r\u00e9vision.<\/li>\n<\/ul>\n\n\n\n<p><\/p>\n","protected":false},"excerpt":{"rendered":"<p>Voici une liste de probl\u00e8mes de concours que je sugg\u00e8re aux \u00e9l\u00e8ves pour pr\u00e9parer le concours: Epreuve de Maths 1<\/p>\n","protected":false},"author":1,"featured_media":0,"parent":0,"menu_order":0,"comment_status":"closed","ping_status":"closed","template":"","meta":{"footnotes":""},"class_list":["post-205","page","type-page","status-publish","hentry"],"_links":{"self":[{"href":"https:\/\/mohamed.legtux.org\/mp\/wp-json\/wp\/v2\/pages\/205","targetHints":{"allow":["GET"]}}],"collection":[{"href":"https:\/\/mohamed.legtux.org\/mp\/wp-json\/wp\/v2\/pages"}],"about":[{"href":"https:\/\/mohamed.legtux.org\/mp\/wp-json\/wp\/v2\/types\/page"}],"author":[{"embeddable":true,"href":"https:\/\/mohamed.legtux.org\/mp\/wp-json\/wp\/v2\/users\/1"}],"replies":[{"embeddable":true,"href":"https:\/\/mohamed.legtux.org\/mp\/wp-json\/wp\/v2\/comments?post=205"}],"version-history":[{"count":10,"href":"https:\/\/mohamed.legtux.org\/mp\/wp-json\/wp\/v2\/pages\/205\/revisions"}],"predecessor-version":[{"id":321,"href":"https:\/\/mohamed.legtux.org\/mp\/wp-json\/wp\/v2\/pages\/205\/revisions\/321"}],"wp:attachment":[{"href":"https:\/\/mohamed.legtux.org\/mp\/wp-json\/wp\/v2\/media?parent=205"}],"curies":[{"name":"wp","href":"https:\/\/api.w.org\/{rel}","templated":true}]}}