{"id":188,"date":"2023-12-05T23:56:17","date_gmt":"2023-12-05T22:56:17","guid":{"rendered":"https:\/\/mohamed.legtux.org\/mp\/?page_id=188"},"modified":"2023-12-06T03:17:50","modified_gmt":"2023-12-06T02:17:50","slug":"mathematiques-pour-mp","status":"publish","type":"page","link":"https:\/\/mohamed.legtux.org\/mp\/mathematiques-pour-mp\/","title":{"rendered":"Math\u00e9matiques pour MP"},"content":{"rendered":"\n<h2 class=\"wp-block-heading\">Objectifs de la page<\/h2>\n\n\n\n<p>Ce site est cr\u00e9e en vu d&rsquo;aider les \u00e9l\u00e8ves des classes pr\u00e9paratoires \u00e0 avoir un ensemble de donn\u00e9es qui pourraient les aider \u00e0 progresser bien dans la pr\u00e9paration du concours et la bonne harmonie avec la progression du programme des math\u00e9matiques.<\/p>\n\n\n\n<h2 class=\"wp-block-heading\">Moyens utilis\u00e9s<\/h2>\n\n\n\n<p>On mettra \u00e0 la disposition des \u00e9l\u00e8ves un support de cours et les s\u00e9ries des exercices de chaque chapitre du  programme en vigueur. On trouvera aussi des exercices de colles et des annales d&rsquo;\u00e9crit et d&rsquo;oraux.<\/p>\n\n\n\n<div class=\"wp-block-columns is-layout-flex wp-container-core-columns-is-layout-9d6595d7 wp-block-columns-is-layout-flex\">\n<div class=\"wp-block-column is-layout-flow wp-block-column-is-layout-flow\">\n<p>Les exercices des chapitres trait\u00e9s seront mis dans le format PDF, et pour chaque chapitre il y&rsquo;aura un fichier <\/p>\n<\/div>\n\n\n\n<div class=\"wp-block-column is-layout-flow wp-block-column-is-layout-flow\">\n<p>Le cours dispens\u00e9 en classe sera d\u00e9pos\u00e9 ici sous forme de fichiers PDF t\u00e9l\u00e9chargeables par tous les \u00e9l\u00e8ves <\/p>\n\n\n\n<div class=\"wp-block-columns is-layout-flex wp-container-core-columns-is-layout-9d6595d7 wp-block-columns-is-layout-flex\">\n<div class=\"wp-block-column is-layout-flow wp-block-column-is-layout-flow\"><\/div>\n<\/div>\n<\/div>\n<\/div>\n","protected":false},"excerpt":{"rendered":"<p>Objectifs de la page Ce site est cr\u00e9e en vu d&rsquo;aider les \u00e9l\u00e8ves des classes pr\u00e9paratoires \u00e0 avoir un ensemble de donn\u00e9es qui pourraient les aider \u00e0 progresser bien dans la pr\u00e9paration du concours et la bonne harmonie avec la progression du programme des math\u00e9matiques. Moyens utilis\u00e9s On mettra \u00e0 la disposition des \u00e9l\u00e8ves un\u2026 <span class=\"read-more\"><a href=\"https:\/\/mohamed.legtux.org\/mp\/mathematiques-pour-mp\/\">Read More &raquo;<\/a><\/span><\/p>\n","protected":false},"author":1,"featured_media":0,"parent":0,"menu_order":0,"comment_status":"closed","ping_status":"closed","template":"","meta":{"footnotes":""},"class_list":["post-188","page","type-page","status-publish","hentry"],"_links":{"self":[{"href":"https:\/\/mohamed.legtux.org\/mp\/wp-json\/wp\/v2\/pages\/188","targetHints":{"allow":["GET"]}}],"collection":[{"href":"https:\/\/mohamed.legtux.org\/mp\/wp-json\/wp\/v2\/pages"}],"about":[{"href":"https:\/\/mohamed.legtux.org\/mp\/wp-json\/wp\/v2\/types\/page"}],"author":[{"embeddable":true,"href":"https:\/\/mohamed.legtux.org\/mp\/wp-json\/wp\/v2\/users\/1"}],"replies":[{"embeddable":true,"href":"https:\/\/mohamed.legtux.org\/mp\/wp-json\/wp\/v2\/comments?post=188"}],"version-history":[{"count":1,"href":"https:\/\/mohamed.legtux.org\/mp\/wp-json\/wp\/v2\/pages\/188\/revisions"}],"predecessor-version":[{"id":189,"href":"https:\/\/mohamed.legtux.org\/mp\/wp-json\/wp\/v2\/pages\/188\/revisions\/189"}],"wp:attachment":[{"href":"https:\/\/mohamed.legtux.org\/mp\/wp-json\/wp\/v2\/media?parent=188"}],"curies":[{"name":"wp","href":"https:\/\/api.w.org\/{rel}","templated":true}]}}