{"id":104,"date":"2023-12-03T23:57:57","date_gmt":"2023-12-03T22:57:57","guid":{"rendered":"https:\/\/mohamed.legtux.org\/mp\/questions-2\/"},"modified":"2023-12-04T00:15:32","modified_gmt":"2023-12-03T23:15:32","slug":"questions-2","status":"publish","type":"page","link":"https:\/\/mohamed.legtux.org\/mp\/questions\/questions-2\/","title":{"rendered":"Questions"},"content":{"rendered":"<div id=\"anspress\" class=\"anspress\">\n\n<div class=\"ap-row\">\n\t<div id=\"ap-lists\" class=\"ap-col-12\">\n\t\t\t\n<div class=\"ap-list-head clearfix\">\n\t<div class=\"pull-right\">\n\t\t<a class=\"ap-btn-ask\" href=\"https:\/\/mohamed.legtux.org\/mp\/questions\/ask\/\">Poser une question<\/a>\t<\/div>\n\n\t\n<form id=\"ap-search-form\" class=\"ap-search-form\" action=\"https:\/\/mohamed.legtux.org\/mp\/\">\n\t<button class=\"ap-btn ap-search-btn\" type=\"submit\">Recherche<\/button>\n\t<div class=\"ap-search-inner no-overflow\">\n\t\t<input name=\"s\" type=\"text\" class=\"ap-search-input ap-form-input\" placeholder=\"Rechercher dans les questions\u2026\" value=\"\" \/>\n\t\t<input type=\"hidden\" name=\"post_type\" value=\"question\" \/>\n\t<\/div>\n<\/form>\n\t<form id=\"ap-filters\" class=\"ap-filters clearfix\" method=\"GET\"><div class=\"ap-dropdown ap-filter filter-order_by\"><a class=\"ap-dropdown-toggle ap-filter-toggle\" href=\"#\" ap-filter apquery=\"{&quot;__nonce&quot;:&quot;27183658e5&quot;,&quot;filter&quot;:&quot;order_by&quot;}\">Trier par: <span class=\"ap-filter-active\">Activit\u00e9<\/span><\/a><\/div><div class=\"ap-dropdown ap-filter filter-category\"><a class=\"ap-dropdown-toggle ap-filter-toggle\" href=\"#\" ap-filter apquery=\"{&quot;__nonce&quot;:&quot;53b9c2f930&quot;,&quot;filter&quot;:&quot;category&quot;}\">Cat\u00e9gorie<\/a><\/div><button id=\"ap-filter-reset\" type=\"submit\" name=\"reset-filter\" title=\"R\u00e9initialiser toutes les options de tri et filtrage\"><i class=\"apicon-x\"><\/i><span>Effacer le filtre<\/span><\/button><input type=\"hidden\" value=\"active\" name=\"order_by\" \/><\/form><\/div>\n\n\n\n\n\t<div class=\"ap-questions\">\n\t\t<div id=\"question-324\" class=\"ap-questions-item clearfix post-324 question type-question status-publish question_category-exercices-rapides answer-count-0\" itemtype=\"https:\/\/schema.org\/Question\" itemscope=\"\">\n\t<div class=\"ap-questions-inner\">\n\t\t<div class=\"ap-avatar ap-pull-left\">\n\t\t\t<a href=\"https:\/\/mohamed.legtux.org\/mp\/author\/mohamed-al\/\">\n\t\t\t\t<img alt='' src='https:\/\/secure.gravatar.com\/avatar\/329c4605276223a7d708fac60c72ae93ba68628e5040bd6dac5a15262c681bcd?s=45&#038;d=mm&#038;r=g' srcset='https:\/\/secure.gravatar.com\/avatar\/329c4605276223a7d708fac60c72ae93ba68628e5040bd6dac5a15262c681bcd?s=90&#038;d=mm&#038;r=g 2x' class='avatar avatar-45 photo' height='45' width='45' \/>\t\t\t<\/a>\n\t\t<\/div>\n\t\t<div class=\"ap-list-counts\">\n\t\t\t<!-- Votes count -->\n\t\t\t\t\t\t\t<span class=\"ap-questions-count ap-questions-vcount\">\n\t\t\t\t\t<span itemprop=\"upvoteCount\">0<\/span>\n\t\t\t\t\tVotes\t\t\t\t<\/span>\n\t\t\t\n\t\t\t<!-- Answer Count -->\n\t\t\t<a class=\"ap-questions-count ap-questions-acount\" href=\"https:\/\/mohamed.legtux.org\/mp\/questions\/questions-2\/question\/matrice-antisymetrique-non-inversible\/#answers\">\n\t\t\t\t<span itemprop=\"answerCount\">0<\/span>\n\t\t\t\tR\u00e9ponses\t\t\t<\/a>\n\t\t<\/div>\n\n\t\t<div class=\"ap-questions-summery\">\n\t\t\t<span class=\"ap-questions-title\" itemprop=\"name\">\n\t\t\t\t\t\t\t\t<a class=\"ap-questions-hyperlink\" itemprop=\"url\" href=\"https:\/\/mohamed.legtux.org\/mp\/questions\/questions-2\/question\/matrice-antisymetrique-non-inversible\/\" rel=\"bookmark\" title=\"Matrice antisym\u00e9trique non inversible\">Matrice antisym\u00e9trique non inversible<\/a>\n\t\t\t<\/span>\n\t\t\t<div class=\"ap-display-question-meta\">\n\t\t\t\t<span class='ap-display-meta-item views'><i class=\"apicon-eye\"><\/i><i>350 vues<\/i><\/span><span class='ap-display-meta-item history'><i class=\"apicon-pulse\"><\/i><span class=\"ap-post-history\"><a href=\"https:\/\/mohamed.legtux.org\/mp\/author\/mohamed-al\/\" itemprop=\"author\" itemscope itemtype=\"http:\/\/schema.org\/Person\"><span itemprop=\"name\">Mohamed AL<\/span><\/a> Question pos\u00e9e <a href=\"https:\/\/mohamed.legtux.org\/mp\/?ap_page=shortlink&#038;ap_q=324\"><time itemprop=\"dateModified\" datetime=\"2025-05-02T17:07:23+02:00\">2 mai 2025<\/time><\/a><\/span><\/span><span class='ap-display-meta-item categories'><i class=\"apicon-category\"><\/i><span class=\"question-categories\"><a data-catid=\"6\" href=\"https:\/\/mohamed.legtux.org\/mp\/questions\/categories\/exercices-rapides\/\" title=\"Des exercices qui utilisent directement le cours\">Exercices rapides<\/a><\/span><\/span>\t\t\t<\/div>\n\t\t<\/div>\n\t<\/div>\n<\/div><!-- list item -->\n<div id=\"question-285\" class=\"ap-questions-item clearfix post-285 question type-question status-publish question_category-exercices-rapides answer-count-0\" itemtype=\"https:\/\/schema.org\/Question\" itemscope=\"\">\n\t<div class=\"ap-questions-inner\">\n\t\t<div class=\"ap-avatar ap-pull-left\">\n\t\t\t<a href=\"https:\/\/mohamed.legtux.org\/mp\/author\/mohamed-al\/\">\n\t\t\t\t<img alt='' src='https:\/\/secure.gravatar.com\/avatar\/329c4605276223a7d708fac60c72ae93ba68628e5040bd6dac5a15262c681bcd?s=45&#038;d=mm&#038;r=g' srcset='https:\/\/secure.gravatar.com\/avatar\/329c4605276223a7d708fac60c72ae93ba68628e5040bd6dac5a15262c681bcd?s=90&#038;d=mm&#038;r=g 2x' class='avatar avatar-45 photo' height='45' width='45' \/>\t\t\t<\/a>\n\t\t<\/div>\n\t\t<div class=\"ap-list-counts\">\n\t\t\t<!-- Votes count -->\n\t\t\t\t\t\t\t<span class=\"ap-questions-count ap-questions-vcount\">\n\t\t\t\t\t<span itemprop=\"upvoteCount\">0<\/span>\n\t\t\t\t\tVotes\t\t\t\t<\/span>\n\t\t\t\n\t\t\t<!-- Answer Count -->\n\t\t\t<a class=\"ap-questions-count ap-questions-acount\" href=\"https:\/\/mohamed.legtux.org\/mp\/questions\/questions-2\/question\/matrices-verifiant-une-condition\/#answers\">\n\t\t\t\t<span itemprop=\"answerCount\">0<\/span>\n\t\t\t\tR\u00e9ponses\t\t\t<\/a>\n\t\t<\/div>\n\n\t\t<div class=\"ap-questions-summery\">\n\t\t\t<span class=\"ap-questions-title\" itemprop=\"name\">\n\t\t\t\t\t\t\t\t<a class=\"ap-questions-hyperlink\" itemprop=\"url\" href=\"https:\/\/mohamed.legtux.org\/mp\/questions\/questions-2\/question\/matrices-verifiant-une-condition\/\" rel=\"bookmark\" title=\"Matrices v\u00e9rifiant une condition\">Matrices v\u00e9rifiant une condition<\/a>\n\t\t\t<\/span>\n\t\t\t<div class=\"ap-display-question-meta\">\n\t\t\t\t<span class='ap-display-meta-item views'><i class=\"apicon-eye\"><\/i><i>594 vues<\/i><\/span><span class='ap-display-meta-item history'><i class=\"apicon-pulse\"><\/i><span class=\"ap-post-history\"><a href=\"https:\/\/mohamed.legtux.org\/mp\/author\/mohamed-al\/\" itemprop=\"author\" itemscope itemtype=\"http:\/\/schema.org\/Person\"><span itemprop=\"name\">Mohamed AL<\/span><\/a> Question modifi\u00e9e <a href=\"https:\/\/mohamed.legtux.org\/mp\/?ap_page=shortlink&#038;ap_q=285\"><time itemprop=\"dateModified\" datetime=\"2024-08-15T08:03:57+02:00\">15 ao\u00fbt 2024<\/time><\/a><\/span><\/span><span class='ap-display-meta-item categories'><i class=\"apicon-category\"><\/i><span class=\"question-categories\"><a data-catid=\"6\" href=\"https:\/\/mohamed.legtux.org\/mp\/questions\/categories\/exercices-rapides\/\" title=\"Des exercices qui utilisent directement le cours\">Exercices rapides<\/a><\/span><\/span>\t\t\t<\/div>\n\t\t<\/div>\n\t<\/div>\n<\/div><!-- list item -->\n<div id=\"question-287\" class=\"ap-questions-item clearfix post-287 question type-question status-publish question_category-exercices-rapides answer-count-1\" itemtype=\"https:\/\/schema.org\/Question\" itemscope=\"\">\n\t<div class=\"ap-questions-inner\">\n\t\t<div class=\"ap-avatar ap-pull-left\">\n\t\t\t<a href=\"https:\/\/mohamed.legtux.org\/mp\/author\/mohamed-al\/\">\n\t\t\t\t<img alt='' src='https:\/\/secure.gravatar.com\/avatar\/329c4605276223a7d708fac60c72ae93ba68628e5040bd6dac5a15262c681bcd?s=45&#038;d=mm&#038;r=g' srcset='https:\/\/secure.gravatar.com\/avatar\/329c4605276223a7d708fac60c72ae93ba68628e5040bd6dac5a15262c681bcd?s=90&#038;d=mm&#038;r=g 2x' class='avatar avatar-45 photo' height='45' width='45' \/>\t\t\t<\/a>\n\t\t<\/div>\n\t\t<div class=\"ap-list-counts\">\n\t\t\t<!-- Votes count -->\n\t\t\t\t\t\t\t<span class=\"ap-questions-count ap-questions-vcount\">\n\t\t\t\t\t<span itemprop=\"upvoteCount\">1<\/span>\n\t\t\t\t\tVotes\t\t\t\t<\/span>\n\t\t\t\n\t\t\t<!-- Answer Count -->\n\t\t\t<a class=\"ap-questions-count ap-questions-acount\" href=\"https:\/\/mohamed.legtux.org\/mp\/questions\/questions-2\/question\/une-limite\/#answers\">\n\t\t\t\t<span itemprop=\"answerCount\">1<\/span>\n\t\t\t\tR\u00e9ponses\t\t\t<\/a>\n\t\t<\/div>\n\n\t\t<div class=\"ap-questions-summery\">\n\t\t\t<span class=\"ap-questions-title\" itemprop=\"name\">\n\t\t\t\t\t\t\t\t<a class=\"ap-questions-hyperlink\" itemprop=\"url\" href=\"https:\/\/mohamed.legtux.org\/mp\/questions\/questions-2\/question\/une-limite\/\" rel=\"bookmark\" title=\"Une limite\">Une limite<\/a>\n\t\t\t<\/span>\n\t\t\t<div class=\"ap-display-question-meta\">\n\t\t\t\t<span class='ap-display-meta-item views'><i class=\"apicon-eye\"><\/i><i>718 vues<\/i><\/span><span class='ap-display-meta-item history'><i class=\"apicon-pulse\"><\/i><span class=\"ap-post-history\"><a href=\"https:\/\/mohamed.legtux.org\/mp\/author\/mohamed-al\/\" itemprop=\"author\" itemscope itemtype=\"http:\/\/schema.org\/Person\"><span itemprop=\"name\">Mohamed AL<\/span><\/a> Question modifi\u00e9e <a href=\"https:\/\/mohamed.legtux.org\/mp\/?ap_page=shortlink&#038;ap_q=287\"><time itemprop=\"dateModified\" datetime=\"2024-08-14T19:28:53+02:00\">14 ao\u00fbt 2024<\/time><\/a><\/span><\/span><span class='ap-display-meta-item categories'><i class=\"apicon-category\"><\/i><span class=\"question-categories\"><a data-catid=\"6\" href=\"https:\/\/mohamed.legtux.org\/mp\/questions\/categories\/exercices-rapides\/\" title=\"Des exercices qui utilisent directement le cours\">Exercices rapides<\/a><\/span><\/span>\t\t\t<\/div>\n\t\t<\/div>\n\t<\/div>\n<\/div><!-- list item -->\n<div id=\"question-263\" class=\"ap-questions-item clearfix post-263 question type-question status-publish question_category-chapitre-01-nombres-complexes answer-count-1\" itemtype=\"https:\/\/schema.org\/Question\" itemscope=\"\">\n\t<div class=\"ap-questions-inner\">\n\t\t<div class=\"ap-avatar ap-pull-left\">\n\t\t\t<a href=\"https:\/\/mohamed.legtux.org\/mp\/author\/mohamed-al\/\">\n\t\t\t\t<img alt='' src='https:\/\/secure.gravatar.com\/avatar\/329c4605276223a7d708fac60c72ae93ba68628e5040bd6dac5a15262c681bcd?s=45&#038;d=mm&#038;r=g' srcset='https:\/\/secure.gravatar.com\/avatar\/329c4605276223a7d708fac60c72ae93ba68628e5040bd6dac5a15262c681bcd?s=90&#038;d=mm&#038;r=g 2x' class='avatar avatar-45 photo' height='45' width='45' \/>\t\t\t<\/a>\n\t\t<\/div>\n\t\t<div class=\"ap-list-counts\">\n\t\t\t<!-- Votes count -->\n\t\t\t\t\t\t\t<span class=\"ap-questions-count ap-questions-vcount\">\n\t\t\t\t\t<span itemprop=\"upvoteCount\">1<\/span>\n\t\t\t\t\tVotes\t\t\t\t<\/span>\n\t\t\t\n\t\t\t<!-- Answer Count -->\n\t\t\t<a class=\"ap-questions-count ap-questions-acount\" href=\"https:\/\/mohamed.legtux.org\/mp\/questions\/questions-2\/question\/exercice-05-chapitre-1-al-moufid\/#answers\">\n\t\t\t\t<span itemprop=\"answerCount\">1<\/span>\n\t\t\t\tR\u00e9ponses\t\t\t<\/a>\n\t\t<\/div>\n\n\t\t<div class=\"ap-questions-summery\">\n\t\t\t<span class=\"ap-questions-title\" itemprop=\"name\">\n\t\t\t\t\t\t\t\t<a class=\"ap-questions-hyperlink\" itemprop=\"url\" href=\"https:\/\/mohamed.legtux.org\/mp\/questions\/questions-2\/question\/exercice-05-chapitre-1-al-moufid\/\" rel=\"bookmark\" title=\"Exercice 05, chapitre 1, Al moufid\">Exercice 05, chapitre 1, Al moufid<\/a>\n\t\t\t<\/span>\n\t\t\t<div class=\"ap-display-question-meta\">\n\t\t\t\t<span class='ap-display-meta-item views'><i class=\"apicon-eye\"><\/i><i>736 vues<\/i><\/span><span class='ap-display-meta-item history'><i class=\"apicon-pulse\"><\/i><span class=\"ap-post-history\"><a href=\"https:\/\/mohamed.legtux.org\/mp\/author\/mohamed-al\/\" itemprop=\"author\" itemscope itemtype=\"http:\/\/schema.org\/Person\"><span itemprop=\"name\">Mohamed AL<\/span><\/a> R\u00e9ponse \u00e9dit\u00e9e <a href=\"https:\/\/mohamed.legtux.org\/mp\/?ap_page=shortlink&#038;ap_a=264\"><time itemprop=\"dateModified\" datetime=\"2024-08-12T10:57:11+02:00\">12 ao\u00fbt 2024<\/time><\/a><\/span><\/span><span class='ap-display-meta-item categories'><i class=\"apicon-category\"><\/i><span class=\"question-categories\"><a data-catid=\"10\" href=\"https:\/\/mohamed.legtux.org\/mp\/questions\/categories\/chapitre-01-nombres-complexes\/\" title=\"\">Chapitre 01: Nombres complexes<\/a><\/span><\/span>\t\t\t<\/div>\n\t\t<\/div>\n\t<\/div>\n<\/div><!-- list item -->\n<div id=\"question-269\" class=\"ap-questions-item clearfix post-269 question type-question status-publish question_category-chapitre-01-nombres-complexes answer-count-1\" itemtype=\"https:\/\/schema.org\/Question\" itemscope=\"\">\n\t<div class=\"ap-questions-inner\">\n\t\t<div class=\"ap-avatar ap-pull-left\">\n\t\t\t<a href=\"https:\/\/mohamed.legtux.org\/mp\/author\/mohamed-al\/\">\n\t\t\t\t<img alt='' src='https:\/\/secure.gravatar.com\/avatar\/329c4605276223a7d708fac60c72ae93ba68628e5040bd6dac5a15262c681bcd?s=45&#038;d=mm&#038;r=g' srcset='https:\/\/secure.gravatar.com\/avatar\/329c4605276223a7d708fac60c72ae93ba68628e5040bd6dac5a15262c681bcd?s=90&#038;d=mm&#038;r=g 2x' class='avatar avatar-45 photo' height='45' width='45' \/>\t\t\t<\/a>\n\t\t<\/div>\n\t\t<div class=\"ap-list-counts\">\n\t\t\t<!-- Votes count -->\n\t\t\t\t\t\t\t<span class=\"ap-questions-count ap-questions-vcount\">\n\t\t\t\t\t<span itemprop=\"upvoteCount\">1<\/span>\n\t\t\t\t\tVotes\t\t\t\t<\/span>\n\t\t\t\n\t\t\t<!-- Answer Count -->\n\t\t\t<a class=\"ap-questions-count ap-questions-acount\" href=\"https:\/\/mohamed.legtux.org\/mp\/questions\/questions-2\/question\/exercice-6-algebre-almoufid-le-nombre-j-quelques-proprietes\/#answers\">\n\t\t\t\t<span itemprop=\"answerCount\">1<\/span>\n\t\t\t\tR\u00e9ponses\t\t\t<\/a>\n\t\t<\/div>\n\n\t\t<div class=\"ap-questions-summery\">\n\t\t\t<span class=\"ap-questions-title\" itemprop=\"name\">\n\t\t\t\t\t\t\t\t<a class=\"ap-questions-hyperlink\" itemprop=\"url\" href=\"https:\/\/mohamed.legtux.org\/mp\/questions\/questions-2\/question\/exercice-6-algebre-almoufid-le-nombre-j-quelques-proprietes\/\" rel=\"bookmark\" title=\"Exercice 6, alg\u00e8bre, almoufid, Le nombre j, quelques propri\u00e9t\u00e9s\">Exercice 6, alg\u00e8bre, almoufid, Le nombre j, quelques propri\u00e9t\u00e9s<\/a>\n\t\t\t<\/span>\n\t\t\t<div class=\"ap-display-question-meta\">\n\t\t\t\t<span class='ap-display-meta-item views'><i class=\"apicon-eye\"><\/i><i>924 vues<\/i><\/span><span class='ap-display-meta-item history'><i class=\"apicon-pulse\"><\/i><span class=\"ap-post-history\"><a href=\"https:\/\/mohamed.legtux.org\/mp\/author\/mohamed-al\/\" itemprop=\"author\" itemscope itemtype=\"http:\/\/schema.org\/Person\"><span itemprop=\"name\">Mohamed AL<\/span><\/a> Commentaires modifi\u00e9s <a href=\"https:\/\/mohamed.legtux.org\/mp\/?ap_page=shortlink&#038;ap_c=78\"><time itemprop=\"dateModified\" datetime=\"2025-05-02T17:02:08+02:00\">2 mai 2025<\/time><\/a><\/span><\/span><span class='ap-display-meta-item categories'><i class=\"apicon-category\"><\/i><span class=\"question-categories\"><a data-catid=\"10\" href=\"https:\/\/mohamed.legtux.org\/mp\/questions\/categories\/chapitre-01-nombres-complexes\/\" title=\"\">Chapitre 01: Nombres complexes<\/a><\/span><\/span>\t\t\t<\/div>\n\t\t<\/div>\n\t<\/div>\n<\/div><!-- list item -->\n<div id=\"question-74\" class=\"ap-questions-item clearfix post-74 question type-question status-publish question_category-exercices-rapides answer-count-1\" itemtype=\"https:\/\/schema.org\/Question\" itemscope=\"\">\n\t<div class=\"ap-questions-inner\">\n\t\t<div class=\"ap-avatar ap-pull-left\">\n\t\t\t<a href=\"https:\/\/mohamed.legtux.org\/mp\/author\/mohamed-al\/\">\n\t\t\t\t<img alt='' src='https:\/\/secure.gravatar.com\/avatar\/329c4605276223a7d708fac60c72ae93ba68628e5040bd6dac5a15262c681bcd?s=45&#038;d=mm&#038;r=g' srcset='https:\/\/secure.gravatar.com\/avatar\/329c4605276223a7d708fac60c72ae93ba68628e5040bd6dac5a15262c681bcd?s=90&#038;d=mm&#038;r=g 2x' class='avatar avatar-45 photo' height='45' width='45' \/>\t\t\t<\/a>\n\t\t<\/div>\n\t\t<div class=\"ap-list-counts\">\n\t\t\t<!-- Votes count -->\n\t\t\t\t\t\t\t<span class=\"ap-questions-count ap-questions-vcount\">\n\t\t\t\t\t<span itemprop=\"upvoteCount\">0<\/span>\n\t\t\t\t\tVotes\t\t\t\t<\/span>\n\t\t\t\n\t\t\t<!-- Answer Count -->\n\t\t\t<a class=\"ap-questions-count ap-questions-acount\" href=\"https:\/\/mohamed.legtux.org\/mp\/questions\/questions-2\/question\/matrice-de-rang-1\/#answers\">\n\t\t\t\t<span itemprop=\"answerCount\">1<\/span>\n\t\t\t\tR\u00e9ponses\t\t\t<\/a>\n\t\t<\/div>\n\n\t\t<div class=\"ap-questions-summery\">\n\t\t\t<span class=\"ap-questions-title\" itemprop=\"name\">\n\t\t\t\t\t\t\t\t<a class=\"ap-questions-hyperlink\" itemprop=\"url\" href=\"https:\/\/mohamed.legtux.org\/mp\/questions\/questions-2\/question\/matrice-de-rang-1\/\" rel=\"bookmark\" title=\"Matrice de rang 1\">Matrice de rang 1<\/a>\n\t\t\t<\/span>\n\t\t\t<div class=\"ap-display-question-meta\">\n\t\t\t\t<span class='ap-display-meta-item views'><i class=\"apicon-eye\"><\/i><i>960 vues<\/i><\/span><span class='ap-display-meta-item history'><i class=\"apicon-pulse\"><\/i><span class=\"ap-post-history\"><a href=\"https:\/\/mohamed.legtux.org\/mp\/author\/mohamed-al\/\" itemprop=\"author\" itemscope itemtype=\"http:\/\/schema.org\/Person\"><span itemprop=\"name\">Mohamed AL<\/span><\/a> Question r\u00e9pondue <a href=\"https:\/\/mohamed.legtux.org\/mp\/?ap_page=shortlink&#038;ap_a=217\"><time itemprop=\"dateModified\" datetime=\"2023-12-06T04:11:26+01:00\">6 d\u00e9cembre 2023<\/time><\/a><\/span><\/span><span class='ap-display-meta-item categories'><i class=\"apicon-category\"><\/i><span class=\"question-categories\"><a data-catid=\"6\" href=\"https:\/\/mohamed.legtux.org\/mp\/questions\/categories\/exercices-rapides\/\" title=\"Des exercices qui utilisent directement le cours\">Exercices rapides<\/a><\/span><\/span>\t\t\t<\/div>\n\t\t<\/div>\n\t<\/div>\n<\/div><!-- list item -->\n<div id=\"question-127\" class=\"ap-questions-item clearfix post-127 question type-question status-publish question_category-questions-de-cours answer-count-1\" itemtype=\"https:\/\/schema.org\/Question\" itemscope=\"\">\n\t<div class=\"ap-questions-inner\">\n\t\t<div class=\"ap-avatar ap-pull-left\">\n\t\t\t<a href=\"https:\/\/mohamed.legtux.org\/mp\/author\/maitlhoussainyahoo-fr\/\">\n\t\t\t\t<img alt='' src='https:\/\/secure.gravatar.com\/avatar\/f629a5fe242106432c267e3db0b71abce89c26143e377ee7c5cb3eacd8648640?s=45&#038;d=mm&#038;r=g' srcset='https:\/\/secure.gravatar.com\/avatar\/f629a5fe242106432c267e3db0b71abce89c26143e377ee7c5cb3eacd8648640?s=90&#038;d=mm&#038;r=g 2x' class='avatar avatar-45 photo' height='45' width='45' \/>\t\t\t<\/a>\n\t\t<\/div>\n\t\t<div class=\"ap-list-counts\">\n\t\t\t<!-- Votes count -->\n\t\t\t\t\t\t\t<span class=\"ap-questions-count ap-questions-vcount\">\n\t\t\t\t\t<span itemprop=\"upvoteCount\">1<\/span>\n\t\t\t\t\tVotes\t\t\t\t<\/span>\n\t\t\t\n\t\t\t<!-- Answer Count -->\n\t\t\t<a class=\"ap-questions-count ap-questions-acount\" href=\"https:\/\/mohamed.legtux.org\/mp\/questions\/questions-2\/question\/serie-geometrique\/#answers\">\n\t\t\t\t<span itemprop=\"answerCount\">1<\/span>\n\t\t\t\tR\u00e9ponses\t\t\t<\/a>\n\t\t<\/div>\n\n\t\t<div class=\"ap-questions-summery\">\n\t\t\t<span class=\"ap-questions-title\" itemprop=\"name\">\n\t\t\t\t\t\t\t\t<a class=\"ap-questions-hyperlink\" itemprop=\"url\" href=\"https:\/\/mohamed.legtux.org\/mp\/questions\/questions-2\/question\/serie-geometrique\/\" rel=\"bookmark\" title=\"S\u00e9rie g\u00e9om\u00e9trique\">S\u00e9rie g\u00e9om\u00e9trique<\/a>\n\t\t\t<\/span>\n\t\t\t<div class=\"ap-display-question-meta\">\n\t\t\t\t<span class='ap-display-meta-item views'><i class=\"apicon-eye\"><\/i><i>942 vues<\/i><\/span><span class='ap-display-meta-item history'><i class=\"apicon-pulse\"><\/i><span class=\"ap-post-history\"><a href=\"https:\/\/mohamed.legtux.org\/mp\/author\/mohamed-al\/\" itemprop=\"author\" itemscope itemtype=\"http:\/\/schema.org\/Person\"><span itemprop=\"name\">Mohamed AL<\/span><\/a> R\u00e9ponse \u00e9dit\u00e9e <a href=\"https:\/\/mohamed.legtux.org\/mp\/?ap_page=shortlink&#038;ap_a=129\"><time itemprop=\"dateModified\" datetime=\"2023-12-04T15:12:02+01:00\">4 d\u00e9cembre 2023<\/time><\/a><\/span><\/span><span class='ap-display-meta-item categories'><i class=\"apicon-category\"><\/i><span class=\"question-categories\"><a data-catid=\"5\" href=\"https:\/\/mohamed.legtux.org\/mp\/questions\/categories\/questions-de-cours\/\" title=\"Cette cat\u00e9gorie concerne les questions de cours\">Questions de cours<\/a><\/span><\/span>\t\t\t<\/div>\n\t\t<\/div>\n\t<\/div>\n<\/div><!-- list item -->\n<div id=\"question-101\" class=\"ap-questions-item clearfix post-101 question type-question status-publish question_category-questions-de-cours answer-count-1\" itemtype=\"https:\/\/schema.org\/Question\" itemscope=\"\">\n\t<div class=\"ap-questions-inner\">\n\t\t<div class=\"ap-avatar ap-pull-left\">\n\t\t\t<a href=\"https:\/\/mohamed.legtux.org\/mp\/author\/mohamed-al\/\">\n\t\t\t\t<img alt='' src='https:\/\/secure.gravatar.com\/avatar\/329c4605276223a7d708fac60c72ae93ba68628e5040bd6dac5a15262c681bcd?s=45&#038;d=mm&#038;r=g' srcset='https:\/\/secure.gravatar.com\/avatar\/329c4605276223a7d708fac60c72ae93ba68628e5040bd6dac5a15262c681bcd?s=90&#038;d=mm&#038;r=g 2x' class='avatar avatar-45 photo' height='45' width='45' \/>\t\t\t<\/a>\n\t\t<\/div>\n\t\t<div class=\"ap-list-counts\">\n\t\t\t<!-- Votes count -->\n\t\t\t\t\t\t\t<span class=\"ap-questions-count ap-questions-vcount\">\n\t\t\t\t\t<span itemprop=\"upvoteCount\">1<\/span>\n\t\t\t\t\tVotes\t\t\t\t<\/span>\n\t\t\t\n\t\t\t<!-- Answer Count -->\n\t\t\t<a class=\"ap-questions-count ap-questions-acount\" href=\"https:\/\/mohamed.legtux.org\/mp\/questions\/questions-2\/question\/algebre-des-polynomes-en-une-matrice\/#answers\">\n\t\t\t\t<span itemprop=\"answerCount\">1<\/span>\n\t\t\t\tR\u00e9ponses\t\t\t<\/a>\n\t\t<\/div>\n\n\t\t<div class=\"ap-questions-summery\">\n\t\t\t<span class=\"ap-questions-title\" itemprop=\"name\">\n\t\t\t\t\t\t\t\t<a class=\"ap-questions-hyperlink\" itemprop=\"url\" href=\"https:\/\/mohamed.legtux.org\/mp\/questions\/questions-2\/question\/algebre-des-polynomes-en-une-matrice\/\" rel=\"bookmark\" title=\"Alg\u00e8bre des polyn\u00f4mes en une matrice\">Alg\u00e8bre des polyn\u00f4mes en une matrice<\/a>\n\t\t\t<\/span>\n\t\t\t<div class=\"ap-display-question-meta\">\n\t\t\t\t<span class='ap-display-meta-item views'><i class=\"apicon-eye\"><\/i><i>956 vues<\/i><\/span><span class='ap-display-meta-item history'><i class=\"apicon-pulse\"><\/i><span class=\"ap-post-history\"><a href=\"https:\/\/mohamed.legtux.org\/mp\/author\/mohamed-al\/\" itemprop=\"author\" itemscope itemtype=\"http:\/\/schema.org\/Person\"><span itemprop=\"name\">Mohamed AL<\/span><\/a> R\u00e9ponse \u00e9dit\u00e9e <a href=\"https:\/\/mohamed.legtux.org\/mp\/?ap_page=shortlink&#038;ap_a=102\"><time itemprop=\"dateModified\" datetime=\"2023-12-03T23:06:48+01:00\">3 d\u00e9cembre 2023<\/time><\/a><\/span><\/span><span class='ap-display-meta-item categories'><i class=\"apicon-category\"><\/i><span class=\"question-categories\"><a data-catid=\"5\" href=\"https:\/\/mohamed.legtux.org\/mp\/questions\/categories\/questions-de-cours\/\" title=\"Cette cat\u00e9gorie concerne les questions de cours\">Questions de cours<\/a><\/span><\/span>\t\t\t<\/div>\n\t\t<\/div>\n\t<\/div>\n<\/div><!-- list item -->\n\t<\/div>\n\t\n\t<\/div>\n\n\t\n<\/div>\n<\/div><div class=\"ap-cradit\">Question et r\u00e9ponse est motoris\u00e9 par <a href=\"https:\/\/anspress.net\" target=\"_blank\">anspress.net<\/a><\/div>\n","protected":false},"excerpt":{"rendered":"","protected":false},"author":1,"featured_media":0,"parent":62,"menu_order":0,"comment_status":"closed","ping_status":"closed","template":"","meta":{"footnotes":""},"class_list":{"0":"post-104","1":"page","2":"type-page","3":"status-publish","5":"answer-count-1"},"_links":{"self":[{"href":"https:\/\/mohamed.legtux.org\/mp\/wp-json\/wp\/v2\/pages\/104","targetHints":{"allow":["GET"]}}],"collection":[{"href":"https:\/\/mohamed.legtux.org\/mp\/wp-json\/wp\/v2\/pages"}],"about":[{"href":"https:\/\/mohamed.legtux.org\/mp\/wp-json\/wp\/v2\/types\/page"}],"author":[{"embeddable":true,"href":"https:\/\/mohamed.legtux.org\/mp\/wp-json\/wp\/v2\/users\/1"}],"replies":[{"embeddable":true,"href":"https:\/\/mohamed.legtux.org\/mp\/wp-json\/wp\/v2\/comments?post=104"}],"version-history":[{"count":1,"href":"https:\/\/mohamed.legtux.org\/mp\/wp-json\/wp\/v2\/pages\/104\/revisions"}],"predecessor-version":[{"id":113,"href":"https:\/\/mohamed.legtux.org\/mp\/wp-json\/wp\/v2\/pages\/104\/revisions\/113"}],"up":[{"embeddable":true,"href":"https:\/\/mohamed.legtux.org\/mp\/wp-json\/wp\/v2\/pages\/62"}],"wp:attachment":[{"href":"https:\/\/mohamed.legtux.org\/mp\/wp-json\/wp\/v2\/media?parent=104"}],"curies":[{"name":"wp","href":"https:\/\/api.w.org\/{rel}","templated":true}]}}